{"id":722,"date":"2017-11-08T15:31:29","date_gmt":"2017-11-08T15:31:29","guid":{"rendered":"https:\/\/paginanueva2.a2tradingcorp.com\/?page_id=722"},"modified":"2018-10-09T18:32:30","modified_gmt":"2018-10-09T18:32:30","slug":"computadoras-y-notebooks","status":"publish","type":"page","link":"https:\/\/www.a2tradingcorp.com\/es\/computadoras-y-notebooks\/","title":{"rendered":"Computadoras y Notebooks"},"content":{"rendered":"<\/div><\/div><\/div><!-- close content main div --><\/div><\/div><div id='av_section_1' class='avia-section main_color avia-section-default avia-no-shadow av-section-color-overlay-active avia-bg-style-scroll   container_wrap sidebar_right' style = 'background-color: #edae44; '  ><div class='av-section-color-overlay-wrap'><div class='av-section-color-overlay' style='opacity: 0.5; background-color: #edae44; '><\/div><div class='container' ><div class='template-page content  av-content-small alpha units'><div class='post-entry post-entry-type-page post-entry-722'><div class='entry-content-wrapper clearfix'>\n<div style='padding-bottom:10px;color:#ffffff;' class='av-special-heading av-special-heading-h2 custom-color-heading blockquote modern-quote modern-centered  '><h2 class='av-special-heading-tag '  itemprop=\"headline\"  >COMPUTADORAS Y NOTEBOOKS<\/h2><div class='special-heading-border'><div class='special-heading-inner-border' style='border-color:#ffffff'><\/div><\/div><\/div>\n<\/div><\/div><\/div><!-- close content main div --><\/div><\/div><\/div><div id='after_section_1' class='main_color av_default_container_wrap container_wrap sidebar_right'   ><div class='container' ><div class='template-page content  av-content-small alpha units'><div class='post-entry post-entry-type-page post-entry-722'><div class='entry-content-wrapper clearfix'>\n<div class=\"flex_column av_one_half  flex_column_div av-zero-column-padding first  \" style='border-radius:0px; '><p><div style='padding-bottom:10px;color:#000000;font-size:30px;' class='av-special-heading av-special-heading-h3 custom-color-heading blockquote modern-quote   av-thin-font av-inherit-size '><h3 class='av-special-heading-tag '  itemprop=\"headline\"  >Mayorista de <strong>Computadoras y Notebooks<\/strong><\/h3><div class='special-heading-border'><div class='special-heading-inner-border' style='border-color:#000000'><\/div><\/div><\/div><br \/>\n<div style=' margin-top:30px; margin-bottom:30px;'  class='hr hr-custom hr-left hr-icon-no  '><span class='hr-inner   inner-border-av-border-fat' style=' width:50px;' ><span class='hr-inner-style'><\/span><\/span><\/div><br \/>\n<section class=\"av_textblock_section \"  itemscope=\"itemscope\" itemtype=\"https:\/\/schema.org\/CreativeWork\" ><div class='avia_textblock  '   itemprop=\"text\" ><div id=\"m_-4875751542592520065tts_button\">\n<p><strong>A2 Trading Corp.<\/strong> es uno de los principales distribuidores mayoristas de tecnolog\u00eda con sede en Miami FL USA.<\/p>\n<p>Nos destacamos por ofrecer desde Miami, lo \u00faltimo en <strong>Computadoras Port\u00e1tiles Laptops<\/strong> de marcas reconocidas, innovadoras y de alta demanda a clientes importadores, mayoristas y tiendas retail en cualquier Pais del Mundo.<\/p>\n<p>Trabajamos con los productos Acer, Asus, Dell, HP, Lenovo, as\u00ed como tambi\u00e9n Perif\u00e9ricos y Accesorios.<\/p>\n<\/div>\n<div id=\"m_-4875751542592520065tts_button\"><\/div>\n<div>Cont\u00e1ctanos ahora para conocer nuestras ofertas, haciendo\u00a0<a href=\"https:\/\/www.a2tradingcorp.com\/contacto\/\" rel=\"noopener\" data-saferedirecturl=\"https:\/\/www.google.com\/url?hl=es&amp;q=https:\/\/paginanueva2.a2tradingcorp.com\/contacto\/&amp;source=gmail&amp;ust=1516985443770000&amp;usg=AFQjCNHSivHN6nMeWC7bd_087hKbZtnIeQ\">click aqu\u00ed<\/a>.<\/div>\n<\/div><\/section><\/p><\/div><div class=\"flex_column av_one_half  flex_column_div av-zero-column-padding   \" style='border-radius:0px; '><div class='avia-image-container avia_animated_image avia_animate_when_almost_visible fade-in av-styling- av-hover-grow noHover  av-overlay-hover-deactivate   avia-align-center '  itemscope=\"itemscope\" itemtype=\"https:\/\/schema.org\/ImageObject\"  ><div class='avia-image-container-inner'><div class='av-image-caption-overlay'><div class='av-caption-image-overlay-bg' style='opacity:0.4; background-color:#000000; '><\/div><div class='av-image-caption-overlay-position'><div class='av-image-caption-overlay-center' style='color:#ffffff; '><\/div><\/div><\/div><img class='avia_image ' src='https:\/\/www.a2tradingcorp.com\/wp-content\/uploads\/2015\/03\/categoria-computacion.jpg' alt='' title='categoria-computacion'   itemprop=\"thumbnailUrl\"  \/><\/div><\/div><\/div><\/p>\n","protected":false},"excerpt":{"rendered":"","protected":false},"author":1,"featured_media":0,"parent":0,"menu_order":0,"comment_status":"closed","ping_status":"closed","template":"","meta":{"footnotes":""},"class_list":["post-722","page","type-page","status-publish","hentry"],"yoast_head":"<!-- This site is optimized with the Yoast SEO plugin v18.7 - https:\/\/yoast.com\/wordpress\/plugins\/seo\/ -->\n<title>A2 Trading Corp. - Computadoras y Notebooks<\/title>\n<meta name=\"description\" content=\"A2 Trading Corp. es uno de los principales distribuidores mayoristas de computadoras y notebooks con sede en Miami FL USA. Venta al por mayor de laptops Dell, HP, Lenovo Asus, Acer.\" \/>\n<meta name=\"robots\" content=\"index, follow, max-snippet:-1, max-image-preview:large, max-video-preview:-1\" \/>\n<link rel=\"canonical\" href=\"https:\/\/www.a2tradingcorp.com\/es\/computadoras-y-notebooks\/\" \/>\n<meta property=\"og:locale\" content=\"es_ES\" \/>\n<meta property=\"og:type\" content=\"article\" \/>\n<meta property=\"og:title\" content=\"A2 Trading Corp. - Computadoras y Notebooks\" \/>\n<meta property=\"og:description\" content=\"A2 Trading Corp. es uno de los principales distribuidores mayoristas de computadoras y notebooks con sede en Miami FL USA. Venta al por mayor de laptops Dell, HP, Lenovo Asus, Acer.\" \/>\n<meta property=\"og:url\" content=\"https:\/\/www.a2tradingcorp.com\/es\/computadoras-y-notebooks\/\" \/>\n<meta property=\"og:site_name\" content=\"A2 Trading Corp.\" \/>\n<meta property=\"article:modified_time\" content=\"2018-10-09T18:32:30+00:00\" \/>\n<meta name=\"twitter:card\" content=\"summary_large_image\" \/>\n<meta name=\"twitter:label1\" content=\"Est. reading time\" \/>\n\t<meta name=\"twitter:data1\" content=\"3 minutes\" \/>\n<script type=\"application\/ld+json\" class=\"yoast-schema-graph\">{\"@context\":\"https:\/\/schema.org\",\"@graph\":[{\"@type\":\"WebSite\",\"@id\":\"https:\/\/www.a2tradingcorp.com\/es\/#website\",\"url\":\"https:\/\/www.a2tradingcorp.com\/es\/\",\"name\":\"A2 Trading Corp.\",\"description\":false,\"potentialAction\":[{\"@type\":\"SearchAction\",\"target\":{\"@type\":\"EntryPoint\",\"urlTemplate\":\"https:\/\/www.a2tradingcorp.com\/es\/?s={search_term_string}\"},\"query-input\":\"required name=search_term_string\"}],\"inLanguage\":\"es-ES\"},{\"@type\":\"WebPage\",\"@id\":\"https:\/\/www.a2tradingcorp.com\/es\/computadoras-y-notebooks\/#webpage\",\"url\":\"https:\/\/www.a2tradingcorp.com\/es\/computadoras-y-notebooks\/\",\"name\":\"A2 Trading Corp. - Computadoras y Notebooks\",\"isPartOf\":{\"@id\":\"https:\/\/www.a2tradingcorp.com\/es\/#website\"},\"datePublished\":\"2017-11-08T15:31:29+00:00\",\"dateModified\":\"2018-10-09T18:32:30+00:00\",\"description\":\"A2 Trading Corp. es uno de los principales distribuidores mayoristas de computadoras y notebooks con sede en Miami FL USA. Venta al por mayor de laptops Dell, HP, Lenovo Asus, Acer.\",\"breadcrumb\":{\"@id\":\"https:\/\/www.a2tradingcorp.com\/es\/computadoras-y-notebooks\/#breadcrumb\"},\"inLanguage\":\"es-ES\",\"potentialAction\":[{\"@type\":\"ReadAction\",\"target\":[\"https:\/\/www.a2tradingcorp.com\/es\/computadoras-y-notebooks\/\"]}]},{\"@type\":\"BreadcrumbList\",\"@id\":\"https:\/\/www.a2tradingcorp.com\/es\/computadoras-y-notebooks\/#breadcrumb\",\"itemListElement\":[{\"@type\":\"ListItem\",\"position\":1,\"name\":\"Home\",\"item\":\"https:\/\/www.a2tradingcorp.com\/es\/\"},{\"@type\":\"ListItem\",\"position\":2,\"name\":\"Computadoras y Notebooks\"}]}]}<\/script>\n<!-- \/ Yoast SEO plugin. -->","yoast_head_json":{"title":"A2 Trading Corp. - Computadoras y Notebooks","description":"A2 Trading Corp. es uno de los principales distribuidores mayoristas de computadoras y notebooks con sede en Miami FL USA. Venta al por mayor de laptops Dell, HP, Lenovo Asus, Acer.","robots":{"index":"index","follow":"follow","max-snippet":"max-snippet:-1","max-image-preview":"max-image-preview:large","max-video-preview":"max-video-preview:-1"},"canonical":"https:\/\/www.a2tradingcorp.com\/es\/computadoras-y-notebooks\/","og_locale":"es_ES","og_type":"article","og_title":"A2 Trading Corp. - Computadoras y Notebooks","og_description":"A2 Trading Corp. es uno de los principales distribuidores mayoristas de computadoras y notebooks con sede en Miami FL USA. Venta al por mayor de laptops Dell, HP, Lenovo Asus, Acer.","og_url":"https:\/\/www.a2tradingcorp.com\/es\/computadoras-y-notebooks\/","og_site_name":"A2 Trading Corp.","article_modified_time":"2018-10-09T18:32:30+00:00","twitter_card":"summary_large_image","twitter_misc":{"Est. reading time":"3 minutes"},"schema":{"@context":"https:\/\/schema.org","@graph":[{"@type":"WebSite","@id":"https:\/\/www.a2tradingcorp.com\/es\/#website","url":"https:\/\/www.a2tradingcorp.com\/es\/","name":"A2 Trading Corp.","description":false,"potentialAction":[{"@type":"SearchAction","target":{"@type":"EntryPoint","urlTemplate":"https:\/\/www.a2tradingcorp.com\/es\/?s={search_term_string}"},"query-input":"required name=search_term_string"}],"inLanguage":"es-ES"},{"@type":"WebPage","@id":"https:\/\/www.a2tradingcorp.com\/es\/computadoras-y-notebooks\/#webpage","url":"https:\/\/www.a2tradingcorp.com\/es\/computadoras-y-notebooks\/","name":"A2 Trading Corp. - Computadoras y Notebooks","isPartOf":{"@id":"https:\/\/www.a2tradingcorp.com\/es\/#website"},"datePublished":"2017-11-08T15:31:29+00:00","dateModified":"2018-10-09T18:32:30+00:00","description":"A2 Trading Corp. es uno de los principales distribuidores mayoristas de computadoras y notebooks con sede en Miami FL USA. Venta al por mayor de laptops Dell, HP, Lenovo Asus, Acer.","breadcrumb":{"@id":"https:\/\/www.a2tradingcorp.com\/es\/computadoras-y-notebooks\/#breadcrumb"},"inLanguage":"es-ES","potentialAction":[{"@type":"ReadAction","target":["https:\/\/www.a2tradingcorp.com\/es\/computadoras-y-notebooks\/"]}]},{"@type":"BreadcrumbList","@id":"https:\/\/www.a2tradingcorp.com\/es\/computadoras-y-notebooks\/#breadcrumb","itemListElement":[{"@type":"ListItem","position":1,"name":"Home","item":"https:\/\/www.a2tradingcorp.com\/es\/"},{"@type":"ListItem","position":2,"name":"Computadoras y Notebooks"}]}]}},"_links":{"self":[{"href":"https:\/\/www.a2tradingcorp.com\/es\/wp-json\/wp\/v2\/pages\/722"}],"collection":[{"href":"https:\/\/www.a2tradingcorp.com\/es\/wp-json\/wp\/v2\/pages"}],"about":[{"href":"https:\/\/www.a2tradingcorp.com\/es\/wp-json\/wp\/v2\/types\/page"}],"author":[{"embeddable":true,"href":"https:\/\/www.a2tradingcorp.com\/es\/wp-json\/wp\/v2\/users\/1"}],"replies":[{"embeddable":true,"href":"https:\/\/www.a2tradingcorp.com\/es\/wp-json\/wp\/v2\/comments?post=722"}],"version-history":[{"count":14,"href":"https:\/\/www.a2tradingcorp.com\/es\/wp-json\/wp\/v2\/pages\/722\/revisions"}],"predecessor-version":[{"id":1176,"href":"https:\/\/www.a2tradingcorp.com\/es\/wp-json\/wp\/v2\/pages\/722\/revisions\/1176"}],"wp:attachment":[{"href":"https:\/\/www.a2tradingcorp.com\/es\/wp-json\/wp\/v2\/media?parent=722"}],"curies":[{"name":"wp","href":"https:\/\/api.w.org\/{rel}","templated":true}]}}